{"id":127,"date":"2021-09-03T18:33:07","date_gmt":"2021-09-03T16:33:07","guid":{"rendered":"https:\/\/www.dasschoensteschwarz.at\/?page_id=127"},"modified":"2026-04-14T14:27:01","modified_gmt":"2026-04-14T12:27:01","slug":"unsere-gigs","status":"publish","type":"page","link":"https:\/\/www.dasschoensteschwarz.at\/index.php\/unsere-gigs\/","title":{"rendered":"Live"},"content":{"rendered":"\n<p>N\u00e4chste Livetermine:<\/p>\n\n\n\n<p class=\"has-white-color has-text-color has-link-color wp-elements-72588c49d8f89b0481ce0144ecb5f9e8\">2. Mai 2026, W\u00fcrstelstand Eh scho wurscht, Zentralfriedhof Tor 2<\/p>\n\n\n\n<p class=\"has-white-color has-text-color has-link-color wp-elements-d662d0521a44d1d83ac72b7c5d687c11\">20. Juni 2026 Rockparty VAZ Tulbing, 3434 Tulbing<\/p>\n\n\n\n<p class=\"has-white-color has-text-color has-link-color wp-elements-adbc0533b95ac3f65d5f8ac49687a7b9\">18. Juli 2026 Open Air L\u00f6ssiade, <a href=\"https:\/\/www.google.com\/maps\/place\/\/data=!4m2!3m1!1s0x476d65510289f0f1:0x8427864f3974bdef?sa=X&amp;ved=1t:8290&amp;ictx=111\">Kellergasse Absberg, 3462 Absdorf<\/a><\/p>\n\n\n\n<p class=\"has-white-color has-text-color has-link-color wp-elements-ac194fa7813ae62d7754159310ded145\">25. Juli 2026 Open Air Alpenvereinshaus Gastgarten Donaublick,\u00a0\u00a0Donaul\u00e4nde 1\/A, 3430 Tulln<\/p>\n\n\n\n<p class=\"has-white-color has-text-color has-link-color wp-elements-4ec466bfcf48fae5df458cf9f230a458\">22. August 2026 Open Air, Spechtbier Brauerei, <a href=\"https:\/\/www.google.com\/maps\/place\/\/data=!4m2!3m1!1s0x476d751b588990ff:0x74ff84995202b48?sa=X&amp;ved=1t:8290&amp;ictx=111\">Kogler Hauptstra\u00dfe 11 Zufahrt, Kapellenweg, 3443 Kogl<\/a><\/p>\n\n\n\n<ul class=\"wp-block-list\">\n<li><strong>Simmeringer Christkindlmarkt<\/strong>, 28. November 2025<\/li>\n\n\n\n<li><strong>Spechtbier Brauerei<\/strong>, 15. November 2025<\/li>\n\n\n\n<li><strong>Sturmheuriger Pfadfinderheim Tulln<\/strong>, 4. Oktober 2025<\/li>\n\n\n\n<li><strong>W\u00fcrstelstand Eh scho wurscht<\/strong>, 13. September 2025<\/li>\n\n\n\n<li><strong><strong>Open Air<\/strong><\/strong> <strong>L\u00f6ssiade<\/strong>, 19.Juli 2025<\/li>\n\n\n\n<li><strong>Swinging Volkert<\/strong>, 14. Juni 2025<\/li>\n\n\n\n<li><strong>Shizzle Kultur-Cafe Max<\/strong>, 15. Februar2025<\/li>\n\n\n\n<li><strong>Tunnel<\/strong>, 26.Okotber 2024<\/li>\n\n\n\n<li><strong>Shizzle Kultur-Cafe Max<\/strong>, 12. September 2024<\/li>\n\n\n\n<li><strong>Rock am Berg<\/strong> Tirolerkogel, 24. August 2024<\/li>\n\n\n\n<li><strong>Open Air L\u00f6ssiade<\/strong>, 20. Juli 2024<\/li>\n\n\n\n<li><strong>Swinging Volkert<\/strong>, 13. Juli 2024<\/li>\n\n\n\n<li><strong>Pop Fest Wien<\/strong>, Tunnel, 30. April 2024<\/li>\n\n\n\n<li><strong>L\u00f6ssiade<\/strong>, 17. Februar 2024<\/li>\n\n\n\n<li><strong>Open Air L\u00f6ssiade<\/strong>, 28. Juli 2023<\/li>\n\n\n\n<li><strong>Alpenverein Open Air<\/strong>, 21. Juli 2023<\/li>\n\n\n\n<li><strong>Swinging Volkert<\/strong>, 8. Juli 2023<\/li>\n\n\n\n<li><strong>L\u00f6ssiade<\/strong>, 14. April 2023<\/li>\n\n\n\n<li><strong>Kulturcafe St. Andr\u00e4\/W\u00f6rdern<\/strong>, 16. September 2022<\/li>\n\n\n\n<li><strong>Swinging Volkert<\/strong>, 10. September 2022<\/li>\n\n\n\n<li><strong>Alpenvereins Open Air<\/strong>, 23. Juli 2022<\/li>\n\n\n\n<li><strong>L\u00f6ssiade<\/strong>, 28. Mai 2022<\/li>\n\n\n\n<li><strong>Stubenhocker<\/strong>, 30. April 2022<\/li>\n\n\n\n<li><strong>Benefizkonzert zugunsten der Tullner Fl\u00fcchtlingshilfe<\/strong>, 9. April 2022<\/li>\n\n\n\n<li><strong>Gleichklangfest Wien<\/strong>, 17. September 2021<\/li>\n\n\n\n<li><strong>Alpenvereins Open Air<\/strong>, 30. Juli 2021<\/li>\n\n\n\n<li><strong>L\u00f6ssiade<\/strong>, 29. Mai 2021<\/li>\n\n\n\n<li><strong>Gasthaus Maurer<\/strong>, 17. Oktober 2020<\/li>\n\n\n\n<li><strong>Chillen bei Egon<\/strong>, 28. August 2020<\/li>\n\n\n\n<li><strong>Stra\u00dfenmusik Tullner Hauptplatz<\/strong>, 17. Juli 2020<\/li>\n\n\n\n<li><strong>L\u00f6ssiade<\/strong>, 28. Februar 2020<\/li>\n\n\n\n<li><strong>Kunstwerkstatt Tulln<\/strong>, 7. September 2019<\/li>\n<\/ul>\n\n\n\n<p><\/p>\n","protected":false},"excerpt":{"rendered":"<p>N\u00e4chste Livetermine: 2. Mai 2026, W\u00fcrstelstand Eh scho wurscht, Zentralfriedhof Tor 2 20. Juni 2026 Rockparty VAZ Tulbing, 3434 Tulbing 18. Juli 2026 Open Air L\u00f6ssiade, Kellergasse Absberg, 3462 Absdorf<\/p>\n<p class=\"more-link\"><a href=\"https:\/\/www.dasschoensteschwarz.at\/index.php\/unsere-gigs\/\" class=\"readmore\">Continue reading<span class=\"screen-reader-text\">Live<\/span><\/a><\/p>\n","protected":false},"author":2,"featured_media":0,"parent":0,"menu_order":4,"comment_status":"closed","ping_status":"closed","template":"templates\/no-sidebar.php","meta":{"footnotes":""},"class_list":["post-127","page","type-page","status-publish","hentry"],"yoast_head":"<!-- This site is optimized with the Yoast SEO plugin v27.4 - https:\/\/yoast.com\/product\/yoast-seo-wordpress\/ -->\n<title>Live - Das Sch\u00f6nste Schwarz<\/title>\n<meta name=\"robots\" content=\"index, follow, max-snippet:-1, max-image-preview:large, max-video-preview:-1\" \/>\n<link rel=\"canonical\" href=\"https:\/\/www.dasschoensteschwarz.at\/index.php\/unsere-gigs\/\" \/>\n<meta property=\"og:locale\" content=\"de_DE\" \/>\n<meta property=\"og:type\" content=\"article\" \/>\n<meta property=\"og:title\" content=\"Live - Das Sch\u00f6nste Schwarz\" \/>\n<meta property=\"og:description\" content=\"N\u00e4chste Livetermine: 2. Mai 2026, W\u00fcrstelstand Eh scho wurscht, Zentralfriedhof Tor 2 20. Juni 2026 Rockparty VAZ Tulbing, 3434 Tulbing 18. Juli 2026 Open Air L\u00f6ssiade, Kellergasse Absberg, 3462 AbsdorfContinue readingLive\" \/>\n<meta property=\"og:url\" content=\"https:\/\/www.dasschoensteschwarz.at\/index.php\/unsere-gigs\/\" \/>\n<meta property=\"og:site_name\" content=\"Das Sch\u00f6nste Schwarz\" \/>\n<meta property=\"article:modified_time\" content=\"2026-04-14T12:27:01+00:00\" \/>\n<meta name=\"twitter:card\" content=\"summary_large_image\" \/>\n<meta name=\"twitter:label1\" content=\"Gesch\u00e4tzte Lesezeit\" \/>\n\t<meta name=\"twitter:data1\" content=\"2\u00a0Minuten\" \/>\n<script type=\"application\/ld+json\" class=\"yoast-schema-graph\">{\"@context\":\"https:\\\/\\\/schema.org\",\"@graph\":[{\"@type\":\"WebPage\",\"@id\":\"https:\\\/\\\/www.dasschoensteschwarz.at\\\/index.php\\\/unsere-gigs\\\/\",\"url\":\"https:\\\/\\\/www.dasschoensteschwarz.at\\\/index.php\\\/unsere-gigs\\\/\",\"name\":\"Live - Das Sch\u00f6nste Schwarz\",\"isPartOf\":{\"@id\":\"https:\\\/\\\/www.dasschoensteschwarz.at\\\/#website\"},\"datePublished\":\"2021-09-03T16:33:07+00:00\",\"dateModified\":\"2026-04-14T12:27:01+00:00\",\"breadcrumb\":{\"@id\":\"https:\\\/\\\/www.dasschoensteschwarz.at\\\/index.php\\\/unsere-gigs\\\/#breadcrumb\"},\"inLanguage\":\"de\",\"potentialAction\":[{\"@type\":\"ReadAction\",\"target\":[\"https:\\\/\\\/www.dasschoensteschwarz.at\\\/index.php\\\/unsere-gigs\\\/\"]}]},{\"@type\":\"BreadcrumbList\",\"@id\":\"https:\\\/\\\/www.dasschoensteschwarz.at\\\/index.php\\\/unsere-gigs\\\/#breadcrumb\",\"itemListElement\":[{\"@type\":\"ListItem\",\"position\":1,\"name\":\"Startseite\",\"item\":\"https:\\\/\\\/www.dasschoensteschwarz.at\\\/\"},{\"@type\":\"ListItem\",\"position\":2,\"name\":\"Live\"}]},{\"@type\":\"WebSite\",\"@id\":\"https:\\\/\\\/www.dasschoensteschwarz.at\\\/#website\",\"url\":\"https:\\\/\\\/www.dasschoensteschwarz.at\\\/\",\"name\":\"Das Sch\u00f6nste Schwarz\",\"description\":\"Das Sch\u00f6nste Schwarz\",\"publisher\":{\"@id\":\"https:\\\/\\\/www.dasschoensteschwarz.at\\\/#organization\"},\"potentialAction\":[{\"@type\":\"SearchAction\",\"target\":{\"@type\":\"EntryPoint\",\"urlTemplate\":\"https:\\\/\\\/www.dasschoensteschwarz.at\\\/?s={search_term_string}\"},\"query-input\":{\"@type\":\"PropertyValueSpecification\",\"valueRequired\":true,\"valueName\":\"search_term_string\"}}],\"inLanguage\":\"de\"},{\"@type\":\"Organization\",\"@id\":\"https:\\\/\\\/www.dasschoensteschwarz.at\\\/#organization\",\"name\":\"Das Sch\u00f6nste Schwarz\",\"url\":\"https:\\\/\\\/www.dasschoensteschwarz.at\\\/\",\"logo\":{\"@type\":\"ImageObject\",\"inLanguage\":\"de\",\"@id\":\"https:\\\/\\\/www.dasschoensteschwarz.at\\\/#\\\/schema\\\/logo\\\/image\\\/\",\"url\":\"https:\\\/\\\/www.dasschoensteschwarz.at\\\/wp-content\\\/uploads\\\/2022\\\/12\\\/cropped-Logo-schwarz.gif\",\"contentUrl\":\"https:\\\/\\\/www.dasschoensteschwarz.at\\\/wp-content\\\/uploads\\\/2022\\\/12\\\/cropped-Logo-schwarz.gif\",\"width\":1500,\"height\":300,\"caption\":\"Das Sch\u00f6nste Schwarz\"},\"image\":{\"@id\":\"https:\\\/\\\/www.dasschoensteschwarz.at\\\/#\\\/schema\\\/logo\\\/image\\\/\"}}]}<\/script>\n<!-- \/ Yoast SEO plugin. -->","yoast_head_json":{"title":"Live - Das Sch\u00f6nste Schwarz","robots":{"index":"index","follow":"follow","max-snippet":"max-snippet:-1","max-image-preview":"max-image-preview:large","max-video-preview":"max-video-preview:-1"},"canonical":"https:\/\/www.dasschoensteschwarz.at\/index.php\/unsere-gigs\/","og_locale":"de_DE","og_type":"article","og_title":"Live - Das Sch\u00f6nste Schwarz","og_description":"N\u00e4chste Livetermine: 2. Mai 2026, W\u00fcrstelstand Eh scho wurscht, Zentralfriedhof Tor 2 20. Juni 2026 Rockparty VAZ Tulbing, 3434 Tulbing 18. Juli 2026 Open Air L\u00f6ssiade, Kellergasse Absberg, 3462 AbsdorfContinue readingLive","og_url":"https:\/\/www.dasschoensteschwarz.at\/index.php\/unsere-gigs\/","og_site_name":"Das Sch\u00f6nste Schwarz","article_modified_time":"2026-04-14T12:27:01+00:00","twitter_card":"summary_large_image","twitter_misc":{"Gesch\u00e4tzte Lesezeit":"2\u00a0Minuten"},"schema":{"@context":"https:\/\/schema.org","@graph":[{"@type":"WebPage","@id":"https:\/\/www.dasschoensteschwarz.at\/index.php\/unsere-gigs\/","url":"https:\/\/www.dasschoensteschwarz.at\/index.php\/unsere-gigs\/","name":"Live - Das Sch\u00f6nste Schwarz","isPartOf":{"@id":"https:\/\/www.dasschoensteschwarz.at\/#website"},"datePublished":"2021-09-03T16:33:07+00:00","dateModified":"2026-04-14T12:27:01+00:00","breadcrumb":{"@id":"https:\/\/www.dasschoensteschwarz.at\/index.php\/unsere-gigs\/#breadcrumb"},"inLanguage":"de","potentialAction":[{"@type":"ReadAction","target":["https:\/\/www.dasschoensteschwarz.at\/index.php\/unsere-gigs\/"]}]},{"@type":"BreadcrumbList","@id":"https:\/\/www.dasschoensteschwarz.at\/index.php\/unsere-gigs\/#breadcrumb","itemListElement":[{"@type":"ListItem","position":1,"name":"Startseite","item":"https:\/\/www.dasschoensteschwarz.at\/"},{"@type":"ListItem","position":2,"name":"Live"}]},{"@type":"WebSite","@id":"https:\/\/www.dasschoensteschwarz.at\/#website","url":"https:\/\/www.dasschoensteschwarz.at\/","name":"Das Sch\u00f6nste Schwarz","description":"Das Sch\u00f6nste Schwarz","publisher":{"@id":"https:\/\/www.dasschoensteschwarz.at\/#organization"},"potentialAction":[{"@type":"SearchAction","target":{"@type":"EntryPoint","urlTemplate":"https:\/\/www.dasschoensteschwarz.at\/?s={search_term_string}"},"query-input":{"@type":"PropertyValueSpecification","valueRequired":true,"valueName":"search_term_string"}}],"inLanguage":"de"},{"@type":"Organization","@id":"https:\/\/www.dasschoensteschwarz.at\/#organization","name":"Das Sch\u00f6nste Schwarz","url":"https:\/\/www.dasschoensteschwarz.at\/","logo":{"@type":"ImageObject","inLanguage":"de","@id":"https:\/\/www.dasschoensteschwarz.at\/#\/schema\/logo\/image\/","url":"https:\/\/www.dasschoensteschwarz.at\/wp-content\/uploads\/2022\/12\/cropped-Logo-schwarz.gif","contentUrl":"https:\/\/www.dasschoensteschwarz.at\/wp-content\/uploads\/2022\/12\/cropped-Logo-schwarz.gif","width":1500,"height":300,"caption":"Das Sch\u00f6nste Schwarz"},"image":{"@id":"https:\/\/www.dasschoensteschwarz.at\/#\/schema\/logo\/image\/"}}]}},"_links":{"self":[{"href":"https:\/\/www.dasschoensteschwarz.at\/index.php\/wp-json\/wp\/v2\/pages\/127","targetHints":{"allow":["GET"]}}],"collection":[{"href":"https:\/\/www.dasschoensteschwarz.at\/index.php\/wp-json\/wp\/v2\/pages"}],"about":[{"href":"https:\/\/www.dasschoensteschwarz.at\/index.php\/wp-json\/wp\/v2\/types\/page"}],"author":[{"embeddable":true,"href":"https:\/\/www.dasschoensteschwarz.at\/index.php\/wp-json\/wp\/v2\/users\/2"}],"replies":[{"embeddable":true,"href":"https:\/\/www.dasschoensteschwarz.at\/index.php\/wp-json\/wp\/v2\/comments?post=127"}],"version-history":[{"count":53,"href":"https:\/\/www.dasschoensteschwarz.at\/index.php\/wp-json\/wp\/v2\/pages\/127\/revisions"}],"predecessor-version":[{"id":642,"href":"https:\/\/www.dasschoensteschwarz.at\/index.php\/wp-json\/wp\/v2\/pages\/127\/revisions\/642"}],"wp:attachment":[{"href":"https:\/\/www.dasschoensteschwarz.at\/index.php\/wp-json\/wp\/v2\/media?parent=127"}],"curies":[{"name":"wp","href":"https:\/\/api.w.org\/{rel}","templated":true}]}}